{"id":5057,"date":"2025-02-14T09:36:27","date_gmt":"2025-02-14T09:36:27","guid":{"rendered":"https:\/\/royalstarpv.net\/?page_id=5057"},"modified":"2025-03-05T13:09:51","modified_gmt":"2025-03-05T13:09:51","slug":"product","status":"publish","type":"page","link":"https:\/\/royalstarpv.net\/?page_id=5057","title":{"rendered":"Product"},"content":{"rendered":"\t\t<div data-elementor-type=\"wp-page\" data-elementor-id=\"5057\" class=\"elementor elementor-5057\">\n\t\t\t\t        <section class=\"elementor-section elementor-top-section elementor-element elementor-element-6c761b9 elementor-section-boxed elementor-section-height-default elementor-section-height-default pxl-type-header-none pxl-bg-color-none pxl-row-scroll-none\" data-id=\"6c761b9\" data-element_type=\"section\">\n\n                \n                <div class=\"elementor-container elementor-column-gap-default \">\n                <div class=\"elementor-column elementor-col-33 elementor-top-column elementor-element elementor-element-63c4f71 pxl_section_offset-none pxl-container-width-container-1200 pxl-col-none pxl-column-none\" data-id=\"63c4f71\" data-element_type=\"column\">\r\n        <div class=\"elementor-widget-wrap elementor-element-populated\">\r\n                     \r\n        \t\t<div class=\"elementor-element elementor-element-8dcebcd elementor-widget elementor-widget-pxl_image_box\" data-id=\"8dcebcd\" data-element_type=\"widget\" data-widget_type=\"pxl_image_box.default\">\n\t\t\t\t<div class=\"elementor-widget-container\">\n\t\t\t\t\t<div class=\"pxl-image-box pxl-image-box1   \" data-wow-delay=\"ms\">\r\n    <div class=\"pxl-item--inner\">\r\n        <a ><\/a>\r\n        <div class=\"pxl-item--image\">\r\n            <img fetchpriority=\"high\" decoding=\"async\" width=\"502\" height=\"310\" src=\"https:\/\/royalstarpv.net\/wp-content\/uploads\/2025\/02\/marine-solutions-1.jpg\" class=\"attachment-full\" alt=\"\" srcset=\"https:\/\/royalstarpv.net\/wp-content\/uploads\/2025\/02\/marine-solutions-1.jpg 502w, https:\/\/royalstarpv.net\/wp-content\/uploads\/2025\/02\/marine-solutions-1-300x185.jpg 300w\" sizes=\"(max-width: 502px) 100vw, 502px\" \/>        <\/div>\r\n        <div class=\"wrap-content\">\r\n                                    <h3 class=\"pxl-item--title el-empty\"><\/h3>\r\n            <div class=\"desc\"> DEIF MARINE PRODUCT<\/div>\r\n        <\/div>\r\n    <\/div>\r\n<\/div>\t\t\t\t<\/div>\n\t\t\t\t<\/div>\n\t\t\t\t<div class=\"elementor-element elementor-element-cfa686e elementor-widget elementor-widget-pxl_button\" data-id=\"cfa686e\" data-element_type=\"widget\" data-widget_type=\"pxl_button.default\">\n\t\t\t\t<div class=\"elementor-widget-container\">\n\t\t\t\t\t<div class=\"pxl-button\">\r\n    <a class=\"btn  btn-white-black pxl-icon--left\" href=\"https:\/\/royalstarpv.net\/?page_id=5225\" data-wow-delay=\"ms\">\r\n                            <span class=\"pxl--btn-text\" data-text=\"Read More\">\r\n                <span data-text=\"R\">R<\/span><span data-text=\"e\">e<\/span><span data-text=\"a\">a<\/span><span data-text=\"d\">d<\/span><span class=\"spacer\">&nbsp;<\/span><span data-text=\"M\">M<\/span><span data-text=\"o\">o<\/span><span data-text=\"r\">r<\/span><span data-text=\"e\">e<\/span>            <\/span>\r\n            <\/a>\r\n<\/div>\r\n\r\n\t\t\t\t<\/div>\n\t\t\t\t<\/div>\n\t\t            <\/div>\r\n        <\/div>\r\n                <div class=\"elementor-column elementor-col-33 elementor-top-column elementor-element elementor-element-1d3169a pxl_section_offset-none pxl-container-width-container-1200 pxl-col-none pxl-column-none\" data-id=\"1d3169a\" data-element_type=\"column\">\r\n        <div class=\"elementor-widget-wrap elementor-element-populated\">\r\n                     \r\n        \t\t<div class=\"elementor-element elementor-element-22e4df2 elementor-widget elementor-widget-pxl_image_box\" data-id=\"22e4df2\" data-element_type=\"widget\" data-widget_type=\"pxl_image_box.default\">\n\t\t\t\t<div class=\"elementor-widget-container\">\n\t\t\t\t\t<div class=\"pxl-image-box pxl-image-box1   \" data-wow-delay=\"ms\">\r\n    <div class=\"pxl-item--inner\">\r\n        <a ><\/a>\r\n        <div class=\"pxl-item--image\">\r\n            <img decoding=\"async\" width=\"710\" height=\"477\" src=\"https:\/\/royalstarpv.net\/wp-content\/uploads\/2025\/03\/land-product-son.jpg\" class=\"attachment-full\" alt=\"\" srcset=\"https:\/\/royalstarpv.net\/wp-content\/uploads\/2025\/03\/land-product-son.jpg 710w, https:\/\/royalstarpv.net\/wp-content\/uploads\/2025\/03\/land-product-son-300x202.jpg 300w\" sizes=\"(max-width: 710px) 100vw, 710px\" \/>        <\/div>\r\n        <div class=\"wrap-content\">\r\n                                    <h3 class=\"pxl-item--title el-empty\"><\/h3>\r\n            <div class=\"desc\"> DEIF LAND PRODUCT<\/div>\r\n        <\/div>\r\n    <\/div>\r\n<\/div>\t\t\t\t<\/div>\n\t\t\t\t<\/div>\n\t\t\t\t<div class=\"elementor-element elementor-element-1333099 elementor-widget elementor-widget-pxl_button\" data-id=\"1333099\" data-element_type=\"widget\" data-widget_type=\"pxl_button.default\">\n\t\t\t\t<div class=\"elementor-widget-container\">\n\t\t\t\t\t<div class=\"pxl-button\">\r\n    <a class=\"btn  btn-white-black pxl-icon--left\" href=\"https:\/\/royalstarpv.net\/?page_id=5313\" data-wow-delay=\"ms\">\r\n                            <span class=\"pxl--btn-text\" data-text=\"Read More\">\r\n                <span data-text=\"R\">R<\/span><span data-text=\"e\">e<\/span><span data-text=\"a\">a<\/span><span data-text=\"d\">d<\/span><span class=\"spacer\">&nbsp;<\/span><span data-text=\"M\">M<\/span><span data-text=\"o\">o<\/span><span data-text=\"r\">r<\/span><span data-text=\"e\">e<\/span>            <\/span>\r\n            <\/a>\r\n<\/div>\r\n\r\n\t\t\t\t<\/div>\n\t\t\t\t<\/div>\n\t\t            <\/div>\r\n        <\/div>\r\n                <div class=\"elementor-column elementor-col-33 elementor-top-column elementor-element elementor-element-fe0b606 pxl_section_offset-none pxl-container-width-container-1200 pxl-col-none pxl-column-none\" data-id=\"fe0b606\" data-element_type=\"column\">\r\n        <div class=\"elementor-widget-wrap elementor-element-populated\">\r\n                     \r\n        \t\t<div class=\"elementor-element elementor-element-fa9a2e8 elementor-widget elementor-widget-pxl_image_box\" data-id=\"fa9a2e8\" data-element_type=\"widget\" data-widget_type=\"pxl_image_box.default\">\n\t\t\t\t<div class=\"elementor-widget-container\">\n\t\t\t\t\t<div class=\"pxl-image-box pxl-image-box1   \" data-wow-delay=\"ms\">\r\n    <div class=\"pxl-item--inner\">\r\n        <a ><\/a>\r\n        <div class=\"pxl-item--image\">\r\n            <img decoding=\"async\" width=\"504\" height=\"304\" src=\"https:\/\/royalstarpv.net\/wp-content\/uploads\/2025\/02\/solar-solution.jpg\" class=\"attachment-full\" alt=\"\" srcset=\"https:\/\/royalstarpv.net\/wp-content\/uploads\/2025\/02\/solar-solution.jpg 504w, https:\/\/royalstarpv.net\/wp-content\/uploads\/2025\/02\/solar-solution-300x181.jpg 300w\" sizes=\"(max-width: 504px) 100vw, 504px\" \/>        <\/div>\r\n        <div class=\"wrap-content\">\r\n                                    <h3 class=\"pxl-item--title el-empty\"><\/h3>\r\n            <div class=\"desc\"> DEIF SOLAR PRODUCT<\/div>\r\n        <\/div>\r\n    <\/div>\r\n<\/div>\t\t\t\t<\/div>\n\t\t\t\t<\/div>\n\t\t\t\t<div class=\"elementor-element elementor-element-5604018 elementor-widget elementor-widget-pxl_button\" data-id=\"5604018\" data-element_type=\"widget\" data-widget_type=\"pxl_button.default\">\n\t\t\t\t<div class=\"elementor-widget-container\">\n\t\t\t\t\t<div class=\"pxl-button\">\r\n    <a class=\"btn  btn-white-black pxl-icon--left\" href=\"https:\/\/royalstarpv.net\/?page_id=5298\" data-wow-delay=\"ms\">\r\n                            <span class=\"pxl--btn-text\" data-text=\"Read More\">\r\n                <span data-text=\"R\">R<\/span><span data-text=\"e\">e<\/span><span data-text=\"a\">a<\/span><span data-text=\"d\">d<\/span><span class=\"spacer\">&nbsp;<\/span><span data-text=\"M\">M<\/span><span data-text=\"o\">o<\/span><span data-text=\"r\">r<\/span><span data-text=\"e\">e<\/span>            <\/span>\r\n            <\/a>\r\n<\/div>\r\n\r\n\t\t\t\t<\/div>\n\t\t\t\t<\/div>\n\t\t            <\/div>\r\n        <\/div>\r\n        \t\t\t<\/div>\n\t\t<\/section>\n\t\t        <section class=\"elementor-section elementor-top-section elementor-element elementor-element-944349b elementor-section-boxed elementor-section-height-default elementor-section-height-default pxl-type-header-none pxl-bg-color-none pxl-row-scroll-none\" data-id=\"944349b\" data-element_type=\"section\">\n\n                \n                <div class=\"elementor-container elementor-column-gap-default \">\n                <div class=\"elementor-column elementor-col-33 elementor-top-column elementor-element elementor-element-067704a pxl_section_offset-none pxl-container-width-container-1200 pxl-col-none pxl-column-none\" data-id=\"067704a\" data-element_type=\"column\">\r\n        <div class=\"elementor-widget-wrap elementor-element-populated\">\r\n                     \r\n        \t\t<div class=\"elementor-element elementor-element-57d75c7 elementor-widget elementor-widget-pxl_image_box\" data-id=\"57d75c7\" data-element_type=\"widget\" data-widget_type=\"pxl_image_box.default\">\n\t\t\t\t<div class=\"elementor-widget-container\">\n\t\t\t\t\t<div class=\"pxl-image-box pxl-image-box1   \" data-wow-delay=\"ms\">\r\n    <div class=\"pxl-item--inner\">\r\n        <a ><\/a>\r\n        <div class=\"pxl-item--image\">\r\n            <img loading=\"lazy\" decoding=\"async\" width=\"1080\" height=\"690\" src=\"https:\/\/royalstarpv.net\/wp-content\/uploads\/2025\/02\/33Adsiz-tasarim-3.png\" class=\"attachment-full\" alt=\"\" srcset=\"https:\/\/royalstarpv.net\/wp-content\/uploads\/2025\/02\/33Adsiz-tasarim-3.png 1080w, https:\/\/royalstarpv.net\/wp-content\/uploads\/2025\/02\/33Adsiz-tasarim-3-300x192.png 300w, https:\/\/royalstarpv.net\/wp-content\/uploads\/2025\/02\/33Adsiz-tasarim-3-1024x654.png 1024w, https:\/\/royalstarpv.net\/wp-content\/uploads\/2025\/02\/33Adsiz-tasarim-3-768x491.png 768w\" sizes=\"(max-width: 1080px) 100vw, 1080px\" \/>        <\/div>\r\n        <div class=\"wrap-content\">\r\n                                    <h3 class=\"pxl-item--title el-empty\"><\/h3>\r\n            <div class=\"desc\"> GAS TURBINE PARTS<\/div>\r\n        <\/div>\r\n    <\/div>\r\n<\/div>\t\t\t\t<\/div>\n\t\t\t\t<\/div>\n\t\t\t\t<div class=\"elementor-element elementor-element-733ba9d elementor-widget elementor-widget-pxl_button\" data-id=\"733ba9d\" data-element_type=\"widget\" data-widget_type=\"pxl_button.default\">\n\t\t\t\t<div class=\"elementor-widget-container\">\n\t\t\t\t\t<div class=\"pxl-button\">\r\n    <a class=\"btn  btn-white-black pxl-icon--left\" href=\"https:\/\/royalstarpv.net\/?page_id=5343\" data-wow-delay=\"ms\">\r\n                            <span class=\"pxl--btn-text\" data-text=\"Read More\">\r\n                <span data-text=\"R\">R<\/span><span data-text=\"e\">e<\/span><span data-text=\"a\">a<\/span><span data-text=\"d\">d<\/span><span class=\"spacer\">&nbsp;<\/span><span data-text=\"M\">M<\/span><span data-text=\"o\">o<\/span><span data-text=\"r\">r<\/span><span data-text=\"e\">e<\/span>            <\/span>\r\n            <\/a>\r\n<\/div>\r\n\r\n\t\t\t\t<\/div>\n\t\t\t\t<\/div>\n\t\t            <\/div>\r\n        <\/div>\r\n                <div class=\"elementor-column elementor-col-33 elementor-top-column elementor-element elementor-element-6b2c7d1 pxl_section_offset-none pxl-container-width-container-1200 pxl-col-none pxl-column-none\" data-id=\"6b2c7d1\" data-element_type=\"column\">\r\n        <div class=\"elementor-widget-wrap elementor-element-populated\">\r\n                     \r\n        \t\t<div class=\"elementor-element elementor-element-f3c7ab9 elementor-widget elementor-widget-pxl_image_box\" data-id=\"f3c7ab9\" data-element_type=\"widget\" data-widget_type=\"pxl_image_box.default\">\n\t\t\t\t<div class=\"elementor-widget-container\">\n\t\t\t\t\t<div class=\"pxl-image-box pxl-image-box1   \" data-wow-delay=\"ms\">\r\n    <div class=\"pxl-item--inner\">\r\n        <a ><\/a>\r\n        <div class=\"pxl-item--image\">\r\n            <img loading=\"lazy\" decoding=\"async\" width=\"1080\" height=\"727\" src=\"https:\/\/royalstarpv.net\/wp-content\/uploads\/2025\/02\/Adsiz-tasarim-5-1.png\" class=\"attachment-full\" alt=\"\" srcset=\"https:\/\/royalstarpv.net\/wp-content\/uploads\/2025\/02\/Adsiz-tasarim-5-1.png 1080w, https:\/\/royalstarpv.net\/wp-content\/uploads\/2025\/02\/Adsiz-tasarim-5-1-300x202.png 300w, https:\/\/royalstarpv.net\/wp-content\/uploads\/2025\/02\/Adsiz-tasarim-5-1-1024x689.png 1024w, https:\/\/royalstarpv.net\/wp-content\/uploads\/2025\/02\/Adsiz-tasarim-5-1-768x517.png 768w, https:\/\/royalstarpv.net\/wp-content\/uploads\/2025\/02\/Adsiz-tasarim-5-1-1055x710.png 1055w\" sizes=\"(max-width: 1080px) 100vw, 1080px\" \/>        <\/div>\r\n        <div class=\"wrap-content\">\r\n                                    <h3 class=\"pxl-item--title el-empty\"><\/h3>\r\n            <div class=\"desc\"> THERMOCOUPLE CONAX<\/div>\r\n        <\/div>\r\n    <\/div>\r\n<\/div>\t\t\t\t<\/div>\n\t\t\t\t<\/div>\n\t\t\t\t<div class=\"elementor-element elementor-element-b164c77 elementor-widget elementor-widget-pxl_button\" data-id=\"b164c77\" data-element_type=\"widget\" data-widget_type=\"pxl_button.default\">\n\t\t\t\t<div class=\"elementor-widget-container\">\n\t\t\t\t\t<div class=\"pxl-button\">\r\n    <a class=\"btn  btn-white-black pxl-icon--left\" href=\"https:\/\/royalstarpv.net\/?page_id=5413\" data-wow-delay=\"ms\">\r\n                            <span class=\"pxl--btn-text\" data-text=\"Read More\">\r\n                <span data-text=\"R\">R<\/span><span data-text=\"e\">e<\/span><span data-text=\"a\">a<\/span><span data-text=\"d\">d<\/span><span class=\"spacer\">&nbsp;<\/span><span data-text=\"M\">M<\/span><span data-text=\"o\">o<\/span><span data-text=\"r\">r<\/span><span data-text=\"e\">e<\/span>            <\/span>\r\n            <\/a>\r\n<\/div>\r\n\r\n\t\t\t\t<\/div>\n\t\t\t\t<\/div>\n\t\t            <\/div>\r\n        <\/div>\r\n                <div class=\"elementor-column elementor-col-33 elementor-top-column elementor-element elementor-element-567ee19 pxl_section_offset-none pxl-container-width-container-1200 pxl-col-none pxl-column-none\" data-id=\"567ee19\" data-element_type=\"column\">\r\n        <div class=\"elementor-widget-wrap elementor-element-populated\">\r\n                     \r\n        \t\t<div class=\"elementor-element elementor-element-73ee19a elementor-widget elementor-widget-pxl_image_box\" data-id=\"73ee19a\" data-element_type=\"widget\" data-widget_type=\"pxl_image_box.default\">\n\t\t\t\t<div class=\"elementor-widget-container\">\n\t\t\t\t\t<div class=\"pxl-image-box pxl-image-box1   \" data-wow-delay=\"ms\">\r\n    <div class=\"pxl-item--inner\">\r\n        <a ><\/a>\r\n        <div class=\"pxl-item--image\">\r\n            <img loading=\"lazy\" decoding=\"async\" width=\"1080\" height=\"667\" src=\"https:\/\/royalstarpv.net\/wp-content\/uploads\/2025\/02\/3Adsiz-tasarim.png\" class=\"attachment-full\" alt=\"\" srcset=\"https:\/\/royalstarpv.net\/wp-content\/uploads\/2025\/02\/3Adsiz-tasarim.png 1080w, https:\/\/royalstarpv.net\/wp-content\/uploads\/2025\/02\/3Adsiz-tasarim-300x185.png 300w, https:\/\/royalstarpv.net\/wp-content\/uploads\/2025\/02\/3Adsiz-tasarim-1024x632.png 1024w, https:\/\/royalstarpv.net\/wp-content\/uploads\/2025\/02\/3Adsiz-tasarim-768x474.png 768w\" sizes=\"(max-width: 1080px) 100vw, 1080px\" \/>        <\/div>\r\n        <div class=\"wrap-content\">\r\n                                    <h3 class=\"pxl-item--title el-empty\"><\/h3>\r\n            <div class=\"desc\"> MV GEAR SW\u0130TCH<\/div>\r\n        <\/div>\r\n    <\/div>\r\n<\/div>\t\t\t\t<\/div>\n\t\t\t\t<\/div>\n\t\t\t\t<div class=\"elementor-element elementor-element-ce0511a elementor-widget elementor-widget-pxl_button\" data-id=\"ce0511a\" data-element_type=\"widget\" data-widget_type=\"pxl_button.default\">\n\t\t\t\t<div class=\"elementor-widget-container\">\n\t\t\t\t\t<div class=\"pxl-button\">\r\n    <a class=\"btn  btn-white-black pxl-icon--left\" href=\"https:\/\/royalstarpv.net\/?page_id=5448\" data-wow-delay=\"ms\">\r\n                            <span class=\"pxl--btn-text\" data-text=\"Read More\">\r\n                <span data-text=\"R\">R<\/span><span data-text=\"e\">e<\/span><span data-text=\"a\">a<\/span><span data-text=\"d\">d<\/span><span class=\"spacer\">&nbsp;<\/span><span data-text=\"M\">M<\/span><span data-text=\"o\">o<\/span><span data-text=\"r\">r<\/span><span data-text=\"e\">e<\/span>            <\/span>\r\n            <\/a>\r\n<\/div>\r\n\r\n\t\t\t\t<\/div>\n\t\t\t\t<\/div>\n\t\t            <\/div>\r\n        <\/div>\r\n        \t\t\t<\/div>\n\t\t<\/section>\n\t\t        <section class=\"elementor-section elementor-top-section elementor-element elementor-element-c5d00d5 elementor-section-boxed elementor-section-height-default elementor-section-height-default pxl-type-header-none pxl-bg-color-none pxl-row-scroll-none\" data-id=\"c5d00d5\" data-element_type=\"section\">\n\n                \n                <div class=\"elementor-container elementor-column-gap-default \">\n                <div class=\"elementor-column elementor-col-33 elementor-top-column elementor-element elementor-element-2f949e0 pxl_section_offset-none pxl-container-width-container-1200 pxl-col-none pxl-column-none\" data-id=\"2f949e0\" data-element_type=\"column\">\r\n        <div class=\"elementor-widget-wrap elementor-element-populated\">\r\n                     \r\n        \t\t<div class=\"elementor-element elementor-element-c716065 elementor-widget elementor-widget-pxl_image_box\" data-id=\"c716065\" data-element_type=\"widget\" data-widget_type=\"pxl_image_box.default\">\n\t\t\t\t<div class=\"elementor-widget-container\">\n\t\t\t\t\t<div class=\"pxl-image-box pxl-image-box1   \" data-wow-delay=\"ms\">\r\n    <div class=\"pxl-item--inner\">\r\n        <a ><\/a>\r\n        <div class=\"pxl-item--image\">\r\n            <img loading=\"lazy\" decoding=\"async\" width=\"1080\" height=\"807\" src=\"https:\/\/royalstarpv.net\/wp-content\/uploads\/2025\/03\/1GE-MARKS.png\" class=\"attachment-full\" alt=\"\" srcset=\"https:\/\/royalstarpv.net\/wp-content\/uploads\/2025\/03\/1GE-MARKS.png 1080w, https:\/\/royalstarpv.net\/wp-content\/uploads\/2025\/03\/1GE-MARKS-300x224.png 300w, https:\/\/royalstarpv.net\/wp-content\/uploads\/2025\/03\/1GE-MARKS-1024x765.png 1024w, https:\/\/royalstarpv.net\/wp-content\/uploads\/2025\/03\/1GE-MARKS-768x574.png 768w, https:\/\/royalstarpv.net\/wp-content\/uploads\/2025\/03\/1GE-MARKS-950x710.png 950w\" sizes=\"(max-width: 1080px) 100vw, 1080px\" \/>        <\/div>\r\n        <div class=\"wrap-content\">\r\n                                    <h3 class=\"pxl-item--title el-empty\"><\/h3>\r\n            <div class=\"desc\"> GE MARK V\u0130E SER\u0130ES<\/div>\r\n        <\/div>\r\n    <\/div>\r\n<\/div>\t\t\t\t<\/div>\n\t\t\t\t<\/div>\n\t\t\t\t<div class=\"elementor-element elementor-element-370ef15 elementor-widget elementor-widget-pxl_button\" data-id=\"370ef15\" data-element_type=\"widget\" data-widget_type=\"pxl_button.default\">\n\t\t\t\t<div class=\"elementor-widget-container\">\n\t\t\t\t\t<div class=\"pxl-button\">\r\n    <a class=\"btn  btn-white-black pxl-icon--left\" href=\"https:\/\/royalstarpv.net\/?page_id=5500\" data-wow-delay=\"ms\">\r\n                            <span class=\"pxl--btn-text\" data-text=\"Read More\">\r\n                <span data-text=\"R\">R<\/span><span data-text=\"e\">e<\/span><span data-text=\"a\">a<\/span><span data-text=\"d\">d<\/span><span class=\"spacer\">&nbsp;<\/span><span data-text=\"M\">M<\/span><span data-text=\"o\">o<\/span><span data-text=\"r\">r<\/span><span data-text=\"e\">e<\/span>            <\/span>\r\n            <\/a>\r\n<\/div>\r\n\r\n\t\t\t\t<\/div>\n\t\t\t\t<\/div>\n\t\t            <\/div>\r\n        <\/div>\r\n                <div class=\"elementor-column elementor-col-33 elementor-top-column elementor-element elementor-element-a2642c9 pxl_section_offset-none pxl-container-width-container-1200 pxl-col-none pxl-column-none\" data-id=\"a2642c9\" data-element_type=\"column\">\r\n        <div class=\"elementor-widget-wrap elementor-element-populated\">\r\n                     \r\n        \t\t<div class=\"elementor-element elementor-element-14bceae elementor-widget elementor-widget-pxl_image_box\" data-id=\"14bceae\" data-element_type=\"widget\" data-widget_type=\"pxl_image_box.default\">\n\t\t\t\t<div class=\"elementor-widget-container\">\n\t\t\t\t\t<div class=\"pxl-image-box pxl-image-box1   \" data-wow-delay=\"ms\">\r\n    <div class=\"pxl-item--inner\">\r\n        <a ><\/a>\r\n        <div class=\"pxl-item--image\">\r\n            <img loading=\"lazy\" decoding=\"async\" width=\"1080\" height=\"864\" src=\"https:\/\/royalstarpv.net\/wp-content\/uploads\/2025\/03\/Adsiz-tasarim-3.png\" class=\"attachment-full\" alt=\"\" srcset=\"https:\/\/royalstarpv.net\/wp-content\/uploads\/2025\/03\/Adsiz-tasarim-3.png 1080w, https:\/\/royalstarpv.net\/wp-content\/uploads\/2025\/03\/Adsiz-tasarim-3-300x240.png 300w, https:\/\/royalstarpv.net\/wp-content\/uploads\/2025\/03\/Adsiz-tasarim-3-1024x819.png 1024w, https:\/\/royalstarpv.net\/wp-content\/uploads\/2025\/03\/Adsiz-tasarim-3-768x614.png 768w, https:\/\/royalstarpv.net\/wp-content\/uploads\/2025\/03\/Adsiz-tasarim-3-888x710.png 888w\" sizes=\"(max-width: 1080px) 100vw, 1080px\" \/>        <\/div>\r\n        <div class=\"wrap-content\">\r\n                                    <h3 class=\"pxl-item--title el-empty\"><\/h3>\r\n            <div class=\"desc\"> TRANSFORMERS<\/div>\r\n        <\/div>\r\n    <\/div>\r\n<\/div>\t\t\t\t<\/div>\n\t\t\t\t<\/div>\n\t\t\t\t<div class=\"elementor-element elementor-element-96059b1 elementor-widget elementor-widget-pxl_button\" data-id=\"96059b1\" data-element_type=\"widget\" data-widget_type=\"pxl_button.default\">\n\t\t\t\t<div class=\"elementor-widget-container\">\n\t\t\t\t\t<div class=\"pxl-button\">\r\n    <a class=\"btn  btn-white-black pxl-icon--left\" href=\"https:\/\/royalstarpv.net\/?page_id=5512\" data-wow-delay=\"ms\">\r\n                            <span class=\"pxl--btn-text\" data-text=\"Read More\">\r\n                <span data-text=\"R\">R<\/span><span data-text=\"e\">e<\/span><span data-text=\"a\">a<\/span><span data-text=\"d\">d<\/span><span class=\"spacer\">&nbsp;<\/span><span data-text=\"M\">M<\/span><span data-text=\"o\">o<\/span><span data-text=\"r\">r<\/span><span data-text=\"e\">e<\/span>            <\/span>\r\n            <\/a>\r\n<\/div>\r\n\r\n\t\t\t\t<\/div>\n\t\t\t\t<\/div>\n\t\t            <\/div>\r\n        <\/div>\r\n                <div class=\"elementor-column elementor-col-33 elementor-top-column elementor-element elementor-element-7152f58 pxl_section_offset-none pxl-container-width-container-1200 pxl-col-none pxl-column-none\" data-id=\"7152f58\" data-element_type=\"column\">\r\n        <div class=\"elementor-widget-wrap elementor-element-populated\">\r\n                     \r\n        \t\t<div class=\"elementor-element elementor-element-582d274 elementor-widget elementor-widget-pxl_image_box\" data-id=\"582d274\" data-element_type=\"widget\" data-widget_type=\"pxl_image_box.default\">\n\t\t\t\t<div class=\"elementor-widget-container\">\n\t\t\t\t\t<div class=\"pxl-image-box pxl-image-box1   \" data-wow-delay=\"ms\">\r\n    <div class=\"pxl-item--inner\">\r\n        <a ><\/a>\r\n        <div class=\"pxl-item--image\">\r\n            <img loading=\"lazy\" decoding=\"async\" width=\"1024\" height=\"770\" src=\"https:\/\/royalstarpv.net\/wp-content\/uploads\/2025\/03\/3shore-power-converter-1024x770.png\" class=\"attachment-large\" alt=\"\" srcset=\"https:\/\/royalstarpv.net\/wp-content\/uploads\/2025\/03\/3shore-power-converter-1024x770.png 1024w, https:\/\/royalstarpv.net\/wp-content\/uploads\/2025\/03\/3shore-power-converter-300x226.png 300w, https:\/\/royalstarpv.net\/wp-content\/uploads\/2025\/03\/3shore-power-converter-768x577.png 768w, https:\/\/royalstarpv.net\/wp-content\/uploads\/2025\/03\/3shore-power-converter-944x710.png 944w, https:\/\/royalstarpv.net\/wp-content\/uploads\/2025\/03\/3shore-power-converter.png 1080w\" sizes=\"(max-width: 1024px) 100vw, 1024px\" \/>        <\/div>\r\n        <div class=\"wrap-content\">\r\n                                    <h3 class=\"pxl-item--title el-empty\"><\/h3>\r\n            <div class=\"desc\"> UPS AND SHORE POWER<\/div>\r\n        <\/div>\r\n    <\/div>\r\n<\/div>\t\t\t\t<\/div>\n\t\t\t\t<\/div>\n\t\t\t\t<div class=\"elementor-element elementor-element-6c66697 elementor-widget elementor-widget-pxl_button\" data-id=\"6c66697\" data-element_type=\"widget\" data-widget_type=\"pxl_button.default\">\n\t\t\t\t<div class=\"elementor-widget-container\">\n\t\t\t\t\t<div class=\"pxl-button\">\r\n    <a class=\"btn  btn-white-black pxl-icon--left\" href=\"https:\/\/royalstarpv.net\/?page_id=5543\" data-wow-delay=\"ms\">\r\n                            <span class=\"pxl--btn-text\" data-text=\"Read More\">\r\n                <span data-text=\"R\">R<\/span><span data-text=\"e\">e<\/span><span data-text=\"a\">a<\/span><span data-text=\"d\">d<\/span><span class=\"spacer\">&nbsp;<\/span><span data-text=\"M\">M<\/span><span data-text=\"o\">o<\/span><span data-text=\"r\">r<\/span><span data-text=\"e\">e<\/span>            <\/span>\r\n            <\/a>\r\n<\/div>\r\n\r\n\t\t\t\t<\/div>\n\t\t\t\t<\/div>\n\t\t            <\/div>\r\n        <\/div>\r\n        \t\t\t<\/div>\n\t\t<\/section>\n\t\t\t\t<\/div>\n\t\t","protected":false},"excerpt":{"rendered":"<p>DEIF MARINE PRODUCT Read&nbsp;More DEIF LAND PRODUCT Read&nbsp;More DEIF SOLAR PRODUCT Read&nbsp;More GAS TURBINE PARTS Read&nbsp;More THERMOCOUPLE CONAX Read&nbsp;More MV GEAR SW\u0130TCH Read&nbsp;More GE MARK V\u0130E SER\u0130ES Read&nbsp;More TRANSFORMERS Read&nbsp;More UPS AND SHORE POWER Read&nbsp;More<\/p>\n","protected":false},"author":1,"featured_media":0,"parent":0,"menu_order":0,"comment_status":"closed","ping_status":"closed","template":"","meta":{"footnotes":""},"class_list":["post-5057","page","type-page","status-publish","hentry"],"_links":{"self":[{"href":"https:\/\/royalstarpv.net\/index.php?rest_route=\/wp\/v2\/pages\/5057","targetHints":{"allow":["GET"]}}],"collection":[{"href":"https:\/\/royalstarpv.net\/index.php?rest_route=\/wp\/v2\/pages"}],"about":[{"href":"https:\/\/royalstarpv.net\/index.php?rest_route=\/wp\/v2\/types\/page"}],"author":[{"embeddable":true,"href":"https:\/\/royalstarpv.net\/index.php?rest_route=\/wp\/v2\/users\/1"}],"replies":[{"embeddable":true,"href":"https:\/\/royalstarpv.net\/index.php?rest_route=%2Fwp%2Fv2%2Fcomments&post=5057"}],"version-history":[{"count":175,"href":"https:\/\/royalstarpv.net\/index.php?rest_route=\/wp\/v2\/pages\/5057\/revisions"}],"predecessor-version":[{"id":6212,"href":"https:\/\/royalstarpv.net\/index.php?rest_route=\/wp\/v2\/pages\/5057\/revisions\/6212"}],"wp:attachment":[{"href":"https:\/\/royalstarpv.net\/index.php?rest_route=%2Fwp%2Fv2%2Fmedia&parent=5057"}],"curies":[{"name":"wp","href":"https:\/\/api.w.org\/{rel}","templated":true}]}}